{"id":219,"date":"2021-02-04T22:51:57","date_gmt":"2021-02-04T22:51:57","guid":{"rendered":"https:\/\/www.sncc-psp.net\/wp\/?page_id=219"},"modified":"2024-09-25T10:44:42","modified_gmt":"2024-09-25T10:44:42","slug":"socios","status":"publish","type":"page","link":"https:\/\/www.sncc-psp.net\/wp\/socios\/","title":{"rendered":"S\u00f3cios"},"content":{"rendered":"\n\n\nS\u00f3cios\n\n\n\n\n\nSer s\u00f3cio do SNCC-PSP<br>\n\n<p style=\"text-align: justify;\"><span style=\"color: rgb(63, 63, 63);\"><span style=\"font-family: inherit; font-size: inherit; font-style: inherit; font-variant-ligatures: inherit; font-variant-caps: inherit; font-weight: inherit;\">Fa\u00e7a o download dos formul\u00e1rios e, ap\u00f3s devidamente preenchidos, \nremeta-os para a sede do SNCC-PSP, por correio ou entregue-os ao \nrepresentante local do SNCC-PSP. <br><\/span><\/span><\/p><p style=\"text-align: justify;\"><span style=\"color: rgb(63, 63, 63);\"><span style=\"font-family: inherit; font-size: inherit; font-style: inherit; font-variant-ligatures: inherit; font-variant-caps: inherit; font-weight: inherit;\">Se precisar de ajuda n\u00e3o hesite e pe\u00e7a ajuda usando os canais de comunica\u00e7\u00e3o referenciados na nossa p\u00e1gina de <a href=\"https:\/\/www.sncc-psp.net\/wp\/contatos\/\"><strong xmlns=\"http:\/\/www.w3.org\/1999\/xhtml\">Contatos<\/strong><\/a><strong><\/strong>.<\/span><\/span><span style=\"color: rgb(63, 63, 63);\"><span style=\"font-size: inherit; font-style: inherit; font-variant-ligatures: inherit; font-variant-caps: inherit; font-weight: inherit;\"><\/span><\/span><br><span style=\"color: rgb(63, 63, 63);\"><span style=\"font-size: inherit; font-style: inherit; font-variant-ligatures: inherit; font-variant-caps: inherit; font-weight: inherit;\"><\/span><\/span><\/p>\n\n\n\n\nFormul\u00e1rios\n\n\n\n<p style=\"text-align: justify;\"><span style=\"color: rgb(255, 255, 255); font-size: 14px; text-align: center;\">Todos os dados constantes nos formul\u00e1rios s\u00e3o necess\u00e1rios. Servem para identificar cabalmente o associado, bem como s\u00e3o utilizados para efeitos de contatos e para atribui\u00e7\u00e3o de algumas vantagens de ser associado do SNCC-PSP <font color=\"#00d500\"><strong xmlns=\"http:\/\/www.w3.org\/1999\/xhtml\"><span style=\"font-size: 17px;\"><\/span><\/strong><\/font><a href=\"https:\/\/www.sncc-psp.net\/wp\/wp-content\/uploads\/2023\/10\/FORMULARIOS-INSCRICAO-SNCC-09-2023.pdf\" target=\"new page\" rel=\"noopener\"><font xmlns=\"http:\/\/www.w3.org\/1999\/xhtml\" color=\"#00d500\"><strong xmlns=\"http:\/\/www.w3.org\/1999\/xhtml\"><span style=\"font-size: 17px;\">AQUI<\/span><\/strong><\/font><strong xmlns=\"http:\/\/www.w3.org\/1999\/xhtml\"><span style=\"color: rgb(255, 255, 0);\"><span style=\"font-size: 17px;\"><\/span><\/span><span style=\"color: rgb(255, 255, 0);\"><\/span><\/strong><\/a>. <\/span><br><\/p>\n\n\n\n\n\n\nApoio jur\u00eddico<br>\n\n<p style=\"text-align: justify;\"><span style=\"color: rgb(63, 63, 63);\"><span style=\"font-family: inherit; font-size: inherit; font-style: inherit; font-variant-ligatures: inherit; font-variant-caps: inherit; font-weight: inherit;\"><\/span><\/span><span style=\"color: rgb(63, 63, 63);\"><span style=\"font-family: inherit; font-size: inherit; font-style: inherit; font-variant-ligatures: inherit; font-variant-caps: inherit; font-weight: inherit;\">O SNCC-PSP tem ao dispor dos seus associados dois gabinetes de apoio jur\u00eddico. Um \u00e9 na cidade do Porto e outro em Lisboa.<br><\/span><\/span><\/p><p style=\"text-align: justify;\"><span style=\"color: rgb(63, 63, 63);\"><span style=\"font-family: inherit; font-size: inherit; font-style: inherit; font-variant-ligatures: inherit; font-variant-caps: inherit; font-weight: inherit;\">Caso venham a precisar devem, inicialmente, contatar a dire\u00e7\u00e3o do SNCC-PSP atrav\u00e9s dos contatos <a href=\"https:\/\/www.sncc-psp.net\/wp\/contatos\/\"><strong xmlns=\"http:\/\/www.w3.org\/1999\/xhtml\"><font color=\"#00d500\">aqui<\/font> <\/strong><\/a><strong><\/strong>disponibilizados.<\/span><span style=\"font-size: inherit; font-style: inherit; font-variant-ligatures: inherit; font-variant-caps: inherit; font-weight: inherit;\"><br><\/span><\/span><\/p>\n\n\n\n\nPlano de sa\u00fade Gratuito para os Associados<br>\n\n<p style=\"text-align: justify;\"><span style=\"color: rgb(63, 63, 63);\"><span style=\"font-family: inherit; font-size: inherit; font-style: inherit; font-variant-ligatures: inherit; font-variant-caps: inherit; font-weight: inherit;\"><\/span><\/span><span style=\"color: rgb(63, 63, 63);\"><span style=\"font-family: inherit; font-size: inherit; font-style: inherit; font-variant-ligatures: inherit; font-variant-caps: inherit; font-weight: inherit;\">O SNCC-PSP tem uma parceria na \u00e1rea dos seguros com Universalis &#8211; Corretora de Seguros &#8211; o nosso mediador, com endere\u00e7o de e-mail: protocolo@universalis.com e contato telef\u00f3nico 933833833, subscrevendo um plano de sa\u00fade do grupo destinado a todos os associados.<\/span><\/span><\/p><p style=\"text-align: justify;\"><span style=\"color: rgb(63, 63, 63);\"><span style=\"font-family: inherit; font-size: inherit; font-style: inherit; font-variant-ligatures: inherit; font-variant-caps: inherit; font-weight: inherit;\">\u00c9 uma solu\u00e7\u00e3o de seguro complementar ao subsistema SAD da PSP, que visa proporcionar uma garantia adicional nas despesas cir\u00fargicas e\/ou hospitalares, inteiramente GRATUITO <strong><\/strong>para o associado.<\/span><\/span><\/p><p style=\"text-align: justify;\"><span style=\"color: rgb(63, 63, 63);\"><span style=\"font-family: inherit; font-size: inherit; font-style: inherit; font-variant-ligatures: inherit; font-variant-caps: inherit; font-weight: inherit;\">Ver mais pormenores <strong><a href=\"https:\/\/www.sncc-psp.net\/wp\/wp-content\/uploads\/2021\/12\/Condicoes-seguro-complementar-saude-SNCC-RESUMO.pdf\" target=\"new page\" rel=\"noopener\"><font color=\"#00d500\">AQUI<\/font><\/a><font color=\"#00d500\"><\/font><\/strong>.<\/span><span style=\"font-size: inherit; font-style: inherit; font-variant-ligatures: inherit; font-variant-caps: inherit; font-weight: inherit;\"><br><\/span><\/span><\/p>\n\n\n\n\n\nAcompanhe o SNCC-PSP nas redes socias<br>\n\n\n\n\n\n\n\n\n\n\n\n\n\n\n<p>(Grupo exclusivo para s\u00f3cios no WhatsApp)<br><\/p>\n\n\n\n\n\n\n","protected":false},"excerpt":{"rendered":"","protected":false},"author":1,"featured_media":0,"parent":0,"menu_order":0,"comment_status":"closed","ping_status":"closed","template":"","meta":{"pagelayer_contact_templates":[],"_pagelayer_content":"","_monsterinsights_skip_tracking":false,"_monsterinsights_sitenote_active":false,"_monsterinsights_sitenote_note":"","_monsterinsights_sitenote_category":0,"footnotes":""},"class_list":["post-219","page","type-page","status-publish","hentry"],"_links":{"self":[{"href":"https:\/\/www.sncc-psp.net\/wp\/wp-json\/wp\/v2\/pages\/219","targetHints":{"allow":["GET"]}}],"collection":[{"href":"https:\/\/www.sncc-psp.net\/wp\/wp-json\/wp\/v2\/pages"}],"about":[{"href":"https:\/\/www.sncc-psp.net\/wp\/wp-json\/wp\/v2\/types\/page"}],"author":[{"embeddable":true,"href":"https:\/\/www.sncc-psp.net\/wp\/wp-json\/wp\/v2\/users\/1"}],"replies":[{"embeddable":true,"href":"https:\/\/www.sncc-psp.net\/wp\/wp-json\/wp\/v2\/comments?post=219"}],"version-history":[{"count":74,"href":"https:\/\/www.sncc-psp.net\/wp\/wp-json\/wp\/v2\/pages\/219\/revisions"}],"predecessor-version":[{"id":1809,"href":"https:\/\/www.sncc-psp.net\/wp\/wp-json\/wp\/v2\/pages\/219\/revisions\/1809"}],"wp:attachment":[{"href":"https:\/\/www.sncc-psp.net\/wp\/wp-json\/wp\/v2\/media?parent=219"}],"curies":[{"name":"wp","href":"https:\/\/api.w.org\/{rel}","templated":true}]}}